{"id":9,"date":"2025-09-15T19:33:15","date_gmt":"2025-09-15T22:33:15","guid":{"rendered":"https:\/\/www.trevipart.com\/site\/?page_id=9"},"modified":"2026-01-07T15:12:55","modified_gmt":"2026-01-07T18:12:55","slug":"home","status":"publish","type":"page","link":"https:\/\/www.trevipart.com\/site\/","title":{"rendered":"Home"},"content":{"rendered":"<div style=\"display: none;\">\n<p>construtora passo fundo apartamento passo fundo, trevipart em passo fundo, venda, passo fundo RS, venda e construtora construir passo fundo<\/p>\n<h1>venda em passo fundo,\u00a0trevipart passo fundo, apartamento passo fundo,<\/h1>\n<h2>venda em passo fundo, construtora passo fundo e regi\u00e3o, apartamento passo fundo em passo fundo, venda venda trevipart construtora construir passo fundo, construtora em passo fundo rs, venda, para passo fundo e regi\u00e3o, venda para passo fundo e regi\u00e3o\u00a0construtora construir construtora construir passo fundo de venda em passo fundo, construtora passo fundo e regi\u00e3o, apartamento passo fundo em passo fundo, venda venda trevipart construtora construir passo fundo, construtora em passo fundo rs, venda,<a title=\"construtora construir construtora construir passo fundo de venda em passo fundo, construtora passo fundo e regi\u00e3o, apartamento passo fundo em passo fundo, venda venda trevipart construtora construir passo fundo, construtora em passo fundo rs, venda, para passo fundo e regi\u00e3o, venda para passo fundo e regi\u00e3o\" href=\"https:\/\/www.trevipart.com\">para passo fundo e regi\u00e3o, venda para passo fundo e regi\u00e3o\u00a0construtora construir construtora construir passo fundo de venda em passo fundo, construtora passo fundo e regi\u00e3o, apartamento passo fundo em passo fundo, venda venda trevipart construtora construir passo fundo, construtora em passo fundo rs, venda<\/a>, para passo fundo e regi\u00e3o, venda para passo fundo e regi\u00e3o\u00a0construtora construir construtora construir passo fundo de venda em passo fundo, construtora passo fundo e regi\u00e3o, apartamento passo fundo em passo fundo, venda venda trevipart construtora construir passo fundo, construtora em passo fundo rs, venda, para passo fundo e regi\u00e3o, venda para passo fundo e regi\u00e3o\u00a0construtora construir construtora construir passo fundo de venda em passo fundo, construtora passo fundo e regi\u00e3o, apartamento passo fundo em passo fundo, venda venda trevipart construtora construir passo fundo, construtora em passo fundo rs, venda, para passo fundo e regi\u00e3o,<a title=\"construtora construir construtora construir passo fundo de venda em passo fundo, construtora passo fundo e regi\u00e3o, apartamento passo fundo em passo fundo, venda venda trevipart construtora construir passo fundo, construtora em passo fundo rs, venda, para passo fundo e regi\u00e3o, venda para passo fundo e regi\u00e3o\" href=\"https:\/\/www.trevipart.com\/site\">venda para passo fundo e regi\u00e3o\u00a0construtora construir construtora construir passo fundo de venda em passo fundo, construtora passo fundo e regi\u00e3o, cria\u00e7\u00e3o de sit<\/a>es em passo fundo, venda venda trevipart construtora construir passo fundo, construtora em passo fundo rs, venda, para passo fundo e regi\u00e3o, venda para passo fundo e regi\u00e3o<\/h2>\n<div id=\"attachment_747\" style=\"width: 353px\" class=\"wp-caption aligncenter\"><a href=\"https:\/\/www.trevipart.com\/site\/wp-content\/uploads\/2013\/06\/per\u00edcia-m\u00e9dica-passo-fundo-rs.jpg\"><img decoding=\"async\" aria-describedby=\"caption-attachment-747\" class=\"size-full wp-image-747 \" title=\"construtora construir construtora construir passo fundo de venda em passo fundo\" src=\"https:\/\/www.trevipart.com\/site\/wp-content\/uploads\/2013\/06\/per\u00edcia-m\u00e9dica-passo-fundo-rs.jpg\" alt=\"construtora construir construtora construir passo fundo de venda em passo fundo\" width=\"343\" height=\"300\"  loading=\"lazy\" \/><\/a><p id=\"caption-attachment-747\" class=\"wp-caption-text\">construtora construir construtora construir passo fundo de venda em passo fundo<\/p><\/div>\n<\/div>\n","protected":false},"excerpt":{"rendered":"<p>construtora passo fundo apartamento passo fundo, trevipart em passo fundo, venda, passo fundo RS, venda [&hellip;]<\/p>\n","protected":false},"author":1,"featured_media":0,"parent":0,"menu_order":0,"comment_status":"closed","ping_status":"closed","template":"template-inicio.php","meta":{"footnotes":""},"class_list":["post-9","page","type-page","status-publish","hentry"],"_links":{"self":[{"href":"https:\/\/www.trevipart.com\/site\/wp-json\/wp\/v2\/pages\/9"}],"collection":[{"href":"https:\/\/www.trevipart.com\/site\/wp-json\/wp\/v2\/pages"}],"about":[{"href":"https:\/\/www.trevipart.com\/site\/wp-json\/wp\/v2\/types\/page"}],"author":[{"embeddable":true,"href":"https:\/\/www.trevipart.com\/site\/wp-json\/wp\/v2\/users\/1"}],"replies":[{"embeddable":true,"href":"https:\/\/www.trevipart.com\/site\/wp-json\/wp\/v2\/comments?post=9"}],"version-history":[{"count":3,"href":"https:\/\/www.trevipart.com\/site\/wp-json\/wp\/v2\/pages\/9\/revisions"}],"predecessor-version":[{"id":118,"href":"https:\/\/www.trevipart.com\/site\/wp-json\/wp\/v2\/pages\/9\/revisions\/118"}],"wp:attachment":[{"href":"https:\/\/www.trevipart.com\/site\/wp-json\/wp\/v2\/media?parent=9"}],"curies":[{"name":"wp","href":"https:\/\/api.w.org\/{rel}","templated":true}]}}